{"id":23,"date":"2025-02-22T22:31:20","date_gmt":"2025-02-23T03:31:20","guid":{"rendered":"http:\/\/localhost\/algodonera\/?page_id=23"},"modified":"2025-02-25T10:22:34","modified_gmt":"2025-02-25T15:22:34","slug":"servicios","status":"publish","type":"page","link":"https:\/\/algodonera.phsdata.com\/?page_id=23","title":{"rendered":"SERVICIOS"},"content":{"rendered":"\t\t<div data-elementor-type=\"wp-page\" data-elementor-id=\"23\" class=\"elementor elementor-23\" data-elementor-post-type=\"page\">\n\t\t\t\t<div class=\"elementor-element elementor-element-78210b6 e-con-full e-flex e-con e-parent\" data-id=\"78210b6\" data-element_type=\"container\" data-settings=\"{&quot;background_background&quot;:&quot;classic&quot;}\">\n\t\t<div class=\"elementor-element elementor-element-6de6db2 e-con-full e-flex e-con e-child\" data-id=\"6de6db2\" data-element_type=\"container\">\n\t\t\t\t<div class=\"elementor-element elementor-element-da82c79 elementor-widget elementor-widget-heading\" data-id=\"da82c79\" data-element_type=\"widget\" data-widget_type=\"heading.default\">\n\t\t\t\t<div class=\"elementor-widget-container\">\n\t\t\t\t\t<h1 class=\"elementor-heading-title elementor-size-default\">Servicios<\/h1>\t\t\t\t<\/div>\n\t\t\t\t<\/div>\n\t\t\t\t<\/div>\n\t\t\t\t<\/div>\n\t\t<div class=\"elementor-element elementor-element-321dadb e-flex e-con-boxed e-con e-parent\" data-id=\"321dadb\" data-element_type=\"container\">\n\t\t\t\t\t<div class=\"e-con-inner\">\n\t\t<div class=\"elementor-element elementor-element-f2be2c7 e-con-full e-flex e-con e-child\" data-id=\"f2be2c7\" data-element_type=\"container\">\n\t\t\t\t<div class=\"elementor-element elementor-element-f384586 elementor--h-position-center elementor--v-position-middle elementor-arrows-position-inside elementor-pagination-position-inside elementor-widget elementor-widget-slides\" data-id=\"f384586\" data-element_type=\"widget\" data-settings=\"{&quot;autoplay_speed&quot;:2000,&quot;navigation&quot;:&quot;both&quot;,&quot;autoplay&quot;:&quot;yes&quot;,&quot;pause_on_hover&quot;:&quot;yes&quot;,&quot;pause_on_interaction&quot;:&quot;yes&quot;,&quot;infinite&quot;:&quot;yes&quot;,&quot;transition&quot;:&quot;slide&quot;,&quot;transition_speed&quot;:500}\" data-widget_type=\"slides.default\">\n\t\t\t\t<div class=\"elementor-widget-container\">\n\t\t\t\t\t\t\t\t\t<div class=\"elementor-swiper\">\n\t\t\t\t\t<div class=\"elementor-slides-wrapper elementor-main-swiper swiper\" role=\"region\" aria-roledescription=\"carousel\" aria-label=\"Slides\" dir=\"ltr\" data-animation=\"fadeInUp\">\n\t\t\t\t<div class=\"swiper-wrapper elementor-slides\">\n\t\t\t\t\t\t\t\t\t\t<div class=\"elementor-repeater-item-18fd73a swiper-slide\" role=\"group\" aria-roledescription=\"slide\"><div class=\"swiper-slide-bg elementor-ken-burns elementor-ken-burns--in\" role=\"img\"><\/div><div class=\"swiper-slide-inner\" ><div class=\"swiper-slide-contents\"><\/div><\/div><\/div><div class=\"elementor-repeater-item-0afc69b swiper-slide\" role=\"group\" aria-roledescription=\"slide\"><div class=\"swiper-slide-bg elementor-ken-burns elementor-ken-burns--in\" role=\"img\"><\/div><div class=\"swiper-slide-inner\" ><div class=\"swiper-slide-contents\"><\/div><\/div><\/div>\t\t\t\t<\/div>\n\t\t\t\t\t\t\t\t\t\t\t\t\t\t\t<div class=\"swiper-pagination\"><\/div>\n\t\t\t\t\t\t\t\t\t\t\t\t\t\t\t\t<div class=\"elementor-swiper-button elementor-swiper-button-prev\" role=\"button\" tabindex=\"0\" aria-label=\"Previous slide\">\n\t\t\t\t\t\t\t<svg aria-hidden=\"true\" class=\"e-font-icon-svg e-eicon-chevron-left\" viewBox=\"0 0 1000 1000\" xmlns=\"http:\/\/www.w3.org\/2000\/svg\"><path d=\"M646 125C629 125 613 133 604 142L308 442C296 454 292 471 292 487 292 504 296 521 308 533L604 854C617 867 629 875 646 875 663 875 679 871 692 858 704 846 713 829 713 812 713 796 708 779 692 767L438 487 692 225C700 217 708 204 708 187 708 171 704 154 692 142 675 129 663 125 646 125Z\"><\/path><\/svg>\t\t\t\t\t\t<\/div>\n\t\t\t\t\t\t<div class=\"elementor-swiper-button elementor-swiper-button-next\" role=\"button\" tabindex=\"0\" aria-label=\"Next slide\">\n\t\t\t\t\t\t\t<svg aria-hidden=\"true\" class=\"e-font-icon-svg e-eicon-chevron-right\" viewBox=\"0 0 1000 1000\" xmlns=\"http:\/\/www.w3.org\/2000\/svg\"><path d=\"M696 533C708 521 713 504 713 487 713 471 708 454 696 446L400 146C388 133 375 125 354 125 338 125 325 129 313 142 300 154 292 171 292 187 292 204 296 221 308 233L563 492 304 771C292 783 288 800 288 817 288 833 296 850 308 863 321 871 338 875 354 875 371 875 388 867 400 854L696 533Z\"><\/path><\/svg>\t\t\t\t\t\t<\/div>\n\t\t\t\t\t\t\t\t\t\t\t\t<\/div>\n\t\t\t\t<\/div>\n\t\t\t\t\t\t\t\t<\/div>\n\t\t\t\t<\/div>\n\t\t\t\t<\/div>\n\t\t<div class=\"elementor-element elementor-element-68aeded e-con-full e-flex e-con e-child\" data-id=\"68aeded\" data-element_type=\"container\">\n\t\t\t\t<div class=\"elementor-element elementor-element-7b9d8dc elementor-widget elementor-widget-heading\" data-id=\"7b9d8dc\" data-element_type=\"widget\" data-widget_type=\"heading.default\">\n\t\t\t\t<div class=\"elementor-widget-container\">\n\t\t\t\t\t<h3 class=\"elementor-heading-title elementor-size-default\">AFIS PRO 2<\/h3>\t\t\t\t<\/div>\n\t\t\t\t<\/div>\n\t\t\t\t<div class=\"elementor-element elementor-element-6b29e2f elementor-widget elementor-widget-text-editor\" data-id=\"6b29e2f\" data-element_type=\"widget\" data-widget_type=\"text-editor.default\">\n\t\t\t\t<div class=\"elementor-widget-container\">\n\t\t\t\t\t\t\t\t\t<p>Lo empleamos para la evaluaci\u00f3n de calidad de nuestra fibra de algod\u00f3n a lo largo del proceso de hilatura, con los resultados obtenidos se deciden \u2013 en caso de ser necesario \u2013 diversos ajustes en las m\u00e1quinas correspondientes, de modo que se mantenga la calidad de inicio a fin en nuestros procesos de apertura y limpieza en especial.<\/p><p>Con la capacidad restante del equipo tambi\u00e9n brindamos servicio de an\u00e1lisis de fibra a distintas compa\u00f1\u00edas. Con el equipo Uster AFIS PRO 2 (Advanced Fiber Information System) se realizan an\u00e1lisis tales como:<\/p><ul><li>An\u00e1lisis de Neps de Fibra y de cascara de semillas en cantidad por gramo y tama\u00f1o en micrones ya sea en fardos, material en proceso, cintas o mechas.<\/li><li>An\u00e1lisis de Longitud de fibra, porcentaje de fibras cortas, longitud m\u00e1xima \u00a0para el correcto ajuste de ecartamientos .<\/li><li>An\u00e1lisis de madurez y contenido de fibras inmaduras.<\/li><li>An\u00e1lisis de la Finura de la fibra en militex.<\/li><li>An\u00e1lisis de impurezas totales ya sea cascaras, polvo o impurezas invisibles.<\/li><li>Este equipo es una gran herramienta para el control del proceso y ayuda en tomar decisiones para el ajuste correcto de maquina.<\/li><li>Adem\u00e1s determina en forma r\u00e1pida la madurez de la fibra.<\/li><\/ul>\t\t\t\t\t\t\t\t<\/div>\n\t\t\t\t<\/div>\n\t\t\t\t<\/div>\n\t\t\t\t\t<\/div>\n\t\t\t\t<\/div>\n\t\t<div class=\"elementor-element elementor-element-2b14b0c e-flex e-con-boxed e-con e-parent\" data-id=\"2b14b0c\" data-element_type=\"container\">\n\t\t\t\t\t<div class=\"e-con-inner\">\n\t\t<div class=\"elementor-element elementor-element-8bd4cee e-con-full e-flex e-con e-child\" data-id=\"8bd4cee\" data-element_type=\"container\">\n\t\t\t\t<div class=\"elementor-element elementor-element-203f870 elementor--h-position-center elementor--v-position-middle elementor-arrows-position-inside elementor-pagination-position-inside elementor-widget elementor-widget-slides\" data-id=\"203f870\" data-element_type=\"widget\" data-settings=\"{&quot;autoplay_speed&quot;:2000,&quot;navigation&quot;:&quot;both&quot;,&quot;autoplay&quot;:&quot;yes&quot;,&quot;pause_on_hover&quot;:&quot;yes&quot;,&quot;pause_on_interaction&quot;:&quot;yes&quot;,&quot;infinite&quot;:&quot;yes&quot;,&quot;transition&quot;:&quot;slide&quot;,&quot;transition_speed&quot;:500}\" data-widget_type=\"slides.default\">\n\t\t\t\t<div class=\"elementor-widget-container\">\n\t\t\t\t\t\t\t\t\t<div class=\"elementor-swiper\">\n\t\t\t\t\t<div class=\"elementor-slides-wrapper elementor-main-swiper swiper\" role=\"region\" aria-roledescription=\"carousel\" aria-label=\"Slides\" dir=\"ltr\" data-animation=\"fadeInUp\">\n\t\t\t\t<div class=\"swiper-wrapper elementor-slides\">\n\t\t\t\t\t\t\t\t\t\t<div class=\"elementor-repeater-item-18fd73a swiper-slide\" role=\"group\" aria-roledescription=\"slide\"><div class=\"swiper-slide-bg elementor-ken-burns elementor-ken-burns--in\" role=\"img\"><\/div><div class=\"swiper-slide-inner\" ><div class=\"swiper-slide-contents\"><\/div><\/div><\/div><div class=\"elementor-repeater-item-0afc69b swiper-slide\" role=\"group\" aria-roledescription=\"slide\"><div class=\"swiper-slide-bg elementor-ken-burns elementor-ken-burns--in\" role=\"img\"><\/div><div class=\"swiper-slide-inner\" ><div class=\"swiper-slide-contents\"><\/div><\/div><\/div>\t\t\t\t<\/div>\n\t\t\t\t\t\t\t\t\t\t\t\t\t\t\t<div class=\"swiper-pagination\"><\/div>\n\t\t\t\t\t\t\t\t\t\t\t\t\t\t\t\t<div class=\"elementor-swiper-button elementor-swiper-button-prev\" role=\"button\" tabindex=\"0\" aria-label=\"Previous slide\">\n\t\t\t\t\t\t\t<svg aria-hidden=\"true\" class=\"e-font-icon-svg e-eicon-chevron-left\" viewBox=\"0 0 1000 1000\" xmlns=\"http:\/\/www.w3.org\/2000\/svg\"><path d=\"M646 125C629 125 613 133 604 142L308 442C296 454 292 471 292 487 292 504 296 521 308 533L604 854C617 867 629 875 646 875 663 875 679 871 692 858 704 846 713 829 713 812 713 796 708 779 692 767L438 487 692 225C700 217 708 204 708 187 708 171 704 154 692 142 675 129 663 125 646 125Z\"><\/path><\/svg>\t\t\t\t\t\t<\/div>\n\t\t\t\t\t\t<div class=\"elementor-swiper-button elementor-swiper-button-next\" role=\"button\" tabindex=\"0\" aria-label=\"Next slide\">\n\t\t\t\t\t\t\t<svg aria-hidden=\"true\" class=\"e-font-icon-svg e-eicon-chevron-right\" viewBox=\"0 0 1000 1000\" xmlns=\"http:\/\/www.w3.org\/2000\/svg\"><path d=\"M696 533C708 521 713 504 713 487 713 471 708 454 696 446L400 146C388 133 375 125 354 125 338 125 325 129 313 142 300 154 292 171 292 187 292 204 296 221 308 233L563 492 304 771C292 783 288 800 288 817 288 833 296 850 308 863 321 871 338 875 354 875 371 875 388 867 400 854L696 533Z\"><\/path><\/svg>\t\t\t\t\t\t<\/div>\n\t\t\t\t\t\t\t\t\t\t\t\t<\/div>\n\t\t\t\t<\/div>\n\t\t\t\t\t\t\t\t<\/div>\n\t\t\t\t<\/div>\n\t\t\t\t<\/div>\n\t\t<div class=\"elementor-element elementor-element-3c0d4f2 e-con-full e-flex e-con e-child\" data-id=\"3c0d4f2\" data-element_type=\"container\">\n\t\t\t\t<div class=\"elementor-element elementor-element-d4ed5b9 elementor-widget elementor-widget-heading\" data-id=\"d4ed5b9\" data-element_type=\"widget\" data-widget_type=\"heading.default\">\n\t\t\t\t<div class=\"elementor-widget-container\">\n\t\t\t\t\t<h3 class=\"elementor-heading-title elementor-size-default\">HVI 1000<\/h3>\t\t\t\t<\/div>\n\t\t\t\t<\/div>\n\t\t\t\t<div class=\"elementor-element elementor-element-08d7bbc elementor-widget elementor-widget-text-editor\" data-id=\"08d7bbc\" data-element_type=\"widget\" data-widget_type=\"text-editor.default\">\n\t\t\t\t<div class=\"elementor-widget-container\">\n\t\t\t\t\t\t\t\t\t<div class=\"wpb_text_column wpb_content_element \"><div class=\"wpb_wrapper\"><p>Lo empleamos principalmente para la evaluaci\u00f3n de fibra de algod\u00f3n que compraremos en la campa\u00f1a, con esto determinamos las propiedades de la fibra, y el 100% de las muestras que se nos entrega para evaluar su compra pasa por nuestro equipo HVI, s\u00f3lo adquirimos el algod\u00f3n que cumple con nuestras especificaciones de calidad. Al igual que con el equipo AFIS, la capacidad sobrante del equipo la empleamos para hacer servicio de an\u00e1lisis de fibra de algod\u00f3n a terceros.<\/p><p>Con el equipo Uster HVI 1000 (High Volume Instrument for Fiber Testing) se realizan an\u00e1lisis tales como:<\/p><p>An\u00e1lisis de las propiedades de la fibra \u00a0tales como:<\/p><ul><li>Longitud, Uniformidad, Resistencia, Elongaci\u00f3n, \u00edndice de fibras cortas, Finura en micronaire.<\/li><li>Grado de color, Reflexi\u00f3n, Amarillamiento y las categoriza seg\u00fan los patrones USDA.<\/li><li>Adem\u00e1s nos da el grado de Impurezas mediante el conteo de part\u00edculas y el tama\u00f1o de estas.<\/li><li>Este equipo es muy \u00fatil para la elaboraci\u00f3n \u00a0correcta de mezclas.<\/li><li>Ambos equipos proporcionan una serie de gr\u00e1ficos para un an\u00e1lisis mas detallado.<\/li><\/ul><\/div><\/div><div class=\"vc_empty_space\">\u00a0<\/div>\t\t\t\t\t\t\t\t<\/div>\n\t\t\t\t<\/div>\n\t\t\t\t<\/div>\n\t\t\t\t\t<\/div>\n\t\t\t\t<\/div>\n\t\t\t\t<\/div>\n\t\t","protected":false},"excerpt":{"rendered":"<p>Servicios AFIS PRO 2 Lo empleamos para la evaluaci\u00f3n de calidad de nuestra fibra de algod\u00f3n a lo largo del proceso de hilatura, con los resultados obtenidos se deciden \u2013 en caso de ser necesario \u2013 diversos ajustes en las m\u00e1quinas correspondientes, de modo que se mantenga la calidad de inicio a fin en nuestros [&hellip;]<\/p>\n","protected":false},"author":1,"featured_media":0,"parent":0,"menu_order":0,"comment_status":"closed","ping_status":"closed","template":"elementor_header_footer","meta":{"footnotes":""},"class_list":["post-23","page","type-page","status-publish","hentry"],"_links":{"self":[{"href":"https:\/\/algodonera.phsdata.com\/index.php?rest_route=\/wp\/v2\/pages\/23","targetHints":{"allow":["GET"]}}],"collection":[{"href":"https:\/\/algodonera.phsdata.com\/index.php?rest_route=\/wp\/v2\/pages"}],"about":[{"href":"https:\/\/algodonera.phsdata.com\/index.php?rest_route=\/wp\/v2\/types\/page"}],"author":[{"embeddable":true,"href":"https:\/\/algodonera.phsdata.com\/index.php?rest_route=\/wp\/v2\/users\/1"}],"replies":[{"embeddable":true,"href":"https:\/\/algodonera.phsdata.com\/index.php?rest_route=%2Fwp%2Fv2%2Fcomments&post=23"}],"version-history":[{"count":10,"href":"https:\/\/algodonera.phsdata.com\/index.php?rest_route=\/wp\/v2\/pages\/23\/revisions"}],"predecessor-version":[{"id":233,"href":"https:\/\/algodonera.phsdata.com\/index.php?rest_route=\/wp\/v2\/pages\/23\/revisions\/233"}],"wp:attachment":[{"href":"https:\/\/algodonera.phsdata.com\/index.php?rest_route=%2Fwp%2Fv2%2Fmedia&parent=23"}],"curies":[{"name":"wp","href":"https:\/\/api.w.org\/{rel}","templated":true}]}}